{"id":372,"date":"2019-07-17T07:29:28","date_gmt":"2019-07-17T11:29:28","guid":{"rendered":"https:\/\/www.saludvitale.com\/doctor\/?page_id=372"},"modified":"2025-07-03T08:58:26","modified_gmt":"2025-07-03T12:58:26","slug":"politica-de-privacidad","status":"publish","type":"page","link":"https:\/\/saludvitale.com\/doctor\/politica-de-privacidad\/","title":{"rendered":"POL\u00cdTICA DE PRIVACIDAD"},"content":{"rendered":"<p>Su privacidad es importante para SaludVitale plataforma propiedad de:<\/p>\n<p>Jos\u00e9 Alberto Ch\u00e1vez M\u00e9ndez<\/p>\n<p>NIF: 54904534S<\/p>\n<p>Quien de ahora en adelante llamaremos SaludVitale, por lo que hemos elaborado una Pol\u00edtica de Privacidad que regula la forma en la que reunimos, utilizamos, transferimos y almacenamos su informaci\u00f3n los cuales ser\u00e1n manejados en forma absolutamente confidencial y de conformidad a la legislaci\u00f3n vigente. Dedique un minuto a familiarizarse con nuestras pr\u00e1cticas y en caso de tener cualquier duda comun\u00edquese con nosotros a hola@saludvitale.com. Todos los cambios a la presente Pol\u00edtica de Privacidad le ser\u00e1n notificadas ya sea por correo electr\u00f3nico, a trav\u00e9s de www.saludvitale.com, o ambas.<\/p>\n<p><strong>DATOS PERSONALES<\/strong><br \/>\nLos datos personales est\u00e1n constituidos por datos que pueden ser utilizados exclusivamente para identificar o contactar a una persona. Como usuario se le puede solicitar informaci\u00f3n personal en cualquier momento cuando usted use los servicios de SaludVitale o entre en contacto con SaludVitale o uno de los profesionales de la salud o compa\u00f1\u00edas afiliadas a SaludVitale (Laboratorios Farmac\u00e9uticos, Laboratorios Cl\u00ednicos, Farmacias, Instituciones y organizaciones sin fines de lucro y otras). SaludVitale y sus afiliadas pueden compartir dicha informaci\u00f3n entre ellas (a excepci\u00f3n de las estipuladas en el marco jur\u00eddico vigente) y utilizarlas en virtud de la presente Pol\u00edtica de Privacidad. De la misma manera, podr\u00e1n combinarla con otra informaci\u00f3n para proporcionar y mejorar sus productos, servicios, contenidos y publicidad. En el momento en que usted accede y proporciona la informaci\u00f3n personal, est\u00e1 aceptando expresamente, autorizando y consintiendo dichas pol\u00edticas de conformidad con el art\u00edculo 10 de la Ley 1581 de 2012 de la Rep\u00fablica de Colombia, la Ley 81 de 2019 de la Rep\u00fablica de Panam\u00e1 y Ley Org\u00e1nica de Protecci\u00f3n de Datos Personales (LOPDP) de 2021 de Ecuador y dem\u00e1s normas concordantes y modificatorias.<br \/>\nEl usuario dispondr\u00e1 en todo momento de los derechos de informaci\u00f3n, rectificaci\u00f3n y cancelaci\u00f3n de los datos personales conforme al art\u00edculo 15 de la Constituci\u00f3n Nacional, la Ley Estatutaria 1581 de 2012 y el Decreto 1377 de 2013 de la Rep\u00fablica de Colombia, la Ley 81 de 2019 de la Rep\u00fablica de Panam\u00e1 y Ley Org\u00e1nica de Protecci\u00f3n de Datos Personales (LOPDP) de 2021 de Ecuador sobre protecci\u00f3n de datos de car\u00e1cter personal. As\u00ed mismo, si deseas modificar o cancelar tu informaci\u00f3n personal, lo puedes hacer utilizando algunos de los siguientes canales de comunicaci\u00f3n:<br \/>\nEnviando un correo electr\u00f3nico a hola@saludvitale.com<br \/>\nO llamando a los siguientes tel\u00e9fonos en horario h\u00e1bil:<br \/>\n\u2022 Colombia:<br \/>\nTelf: (+57) 6013819348<\/p>\n<p>\u2022 Panam\u00e1:<br \/>\nTelf: (+507) 8336288<\/p>\n<p>\u2022 Ecuador:<br \/>\nTelf: (+593) 958746321<\/p>\n<p>\u2022 Venezuela:<br \/>\nTelf.: (+58) 412-0197031<\/p>\n<p><strong>\u00bfQU\u00c9 DATOS PERSONALES RECOLECTAMOS?<\/strong><br \/>\nCuando usted crea un usuario de SaludVitale, descarga una actualizaci\u00f3n para un programa o participa en una encuesta online, podemos recopilar diferente informaci\u00f3n incluidos su nombre, direcci\u00f3n, n\u00famero de tel\u00e9fono, direcci\u00f3n de correo electr\u00f3nico, preferencias de contacto. Una vez enviada esta informaci\u00f3n usted acepta, autoriza y otorga su consentimiento a SaludVitale para utilizar esta informaci\u00f3n de conformidad con lo establecido en la ley 1581 de 2012 de la Rep\u00fablica de Colombia y la Ley 81 de 2019 de la Rep\u00fablica de Panam\u00e1 y Ley Org\u00e1nica de Protecci\u00f3n de Datos Personales (LOPDP) de 2021 de Ecuador y dem\u00e1s normas que en Colombia, Panam\u00e1 y Ecuador regulan el tratamiento de datos personales.<br \/>\nLos datos personales a los que podr\u00edamos dar tratamiento, son los siguientes:<br \/>\n1.1. Nombre completo.<br \/>\n1.2. RUC\/NIT y\/o cedula o pasaporte.<br \/>\n1.3. Direcci\u00f3n completa para facturaci\u00f3n.<br \/>\n1.4. Actividad preponderante (giro).<br \/>\n1.5. N\u00famero de tel\u00e9fono celular, tel\u00e9fono fijo del consultorio.<br \/>\n1.6. Correo electr\u00f3nico.<br \/>\n1.7. N\u00famero de cedula profesional, especialidad m\u00e9dica.<br \/>\n1.8. Datos de cuentas de redes sociales.<br \/>\n1.9. Datos de cuenta bancaria para procesar pagos n\u00famero de la cuenta bancaria, (sucursal, plaza, cuenta clave ABA o SWIFT, copia de estado de cuenta bancario mostrando cuenta<br \/>\nclabe a 18 d\u00edgitos y sin mostrar cantidades) y\/o de tarjeta de d\u00e9bito o cr\u00e9dito.<\/p>\n<p>1.10. Referencias comerciales incluyendo nombre y datos de contacto.<br \/>\n1.11. Comprobante de domicilio con antig\u00fcedad menor a tres meses.<br \/>\n1.12. Carta autorizaci\u00f3n para la realizaci\u00f3n de transferencias bancarias.<br \/>\nSaludVitale no recaba datos m\u00e9dicos ni otros datos personales sensibles, aunque puede actuar como Encargado de los doctores afiliados a nuestros sistemas, con las obligaciones establecidas en la Ley.<\/p>\n<p><strong>\u00bfC\u00d3MO UTILIZAMOS SUS DATOS PERSONALES?<\/strong><br \/>\nFinalidades del tratamiento: sus datos personales, ser\u00e1n mantenidos en la m\u00e1s estricta confidencialidad y ser\u00e1n resguardados de manera adecuada y solamente podr\u00e1n ser tratados para las siguientes finalidades:<br \/>\n* Fines necesarios para la existencia, mantenimiento y cumplimiento de nuestra Relaci\u00f3n Jur\u00eddica y para el cumplimiento y ejecuci\u00f3n de obligaciones legales como usuario de nuestros servicios; para enviar notificaciones importantes, tales como las notificaciones acerca de cambios en nuestros t\u00e9rminos, condiciones, y pol\u00edticas.<br \/>\nLos datos personales que recolectamos nos permite mantenerlo informado acerca de los \u00faltimos anuncios de productos, actualizaciones de programas, pr\u00f3ximos eventos y servicios de SaludVitale. Tambi\u00e9n ayuda a mejorar nuestros servicios, contenidos y publicidades. Tambi\u00e9n podemos utilizar su informaci\u00f3n para ayudarnos a desarrollar, entregar, y mejorar nuestros productos, servicios, contenidos y publicidad. Oportunamente, podemos utilizar su informaci\u00f3n personal para enviar notificaciones importantes, tales como las notificaciones acerca de cambios en nuestros t\u00e9rminos, condiciones, y pol\u00edticas. Tambi\u00e9n podemos utilizar informaci\u00f3n para fines internos tales como auditor\u00edas, an\u00e1lisis de datos, e investigaci\u00f3n para mejorar los productos, servicios y comunicaciones a los clientes de SaludVitale. En caso de un sorteo, concurso, o promoci\u00f3n similar podremos usar la informaci\u00f3n que proporcione para administrar dichos programas.<br \/>\nDebido a que esta informaci\u00f3n no es indispensable para su relaci\u00f3n con SaludVitale, puede optar por no recibir dichas comunicaciones, mediante aviso por escrito dirigido al correo electr\u00f3nico indicado al inicio de este aviso.<\/p>\n<p><strong>RECOLECCI\u00d3N Y USO DE INFORMACI\u00d3N GENERAL NO DATOS PERSONALES<\/strong><br \/>\nTambi\u00e9n recolectamos informaci\u00f3n general no personal, la cual se compone por datos que no permiten asociaci\u00f3n directa con ninguna persona. Podemos recolectar, utilizar, transferir, y revelar informaci\u00f3n general para cualquier fin. A continuaci\u00f3n presentamos algunos ejemplos de informaci\u00f3n general que hemos recolectado y c\u00f3mo podemos utilizarla: Podemos recolectar informaci\u00f3n tal como profesi\u00f3n, idioma, c\u00f3digo postal, c\u00f3digo de \u00e1rea, dispositivo \u00fanico de identificaci\u00f3n, ubicaci\u00f3n, y la zona horaria en la que el software SaludVitale se utiliza, para poder entender mejor el comportamiento de los usuarios y mejorar nuestros productos, servicios y publicidades. Tambi\u00e9n podemos recolectar informaci\u00f3n relativa a la actividad de los clientes en nuestras p\u00e1ginas web y servicios. Esta informaci\u00f3n se compila y nos ayuda a proporcionar informaci\u00f3n de mayor utilidad a nuestros clientes y a entender qu\u00e9 partes de nuestra p\u00e1gina web, productos y servicios son de mayor inter\u00e9s. La informaci\u00f3n compilada se considera informaci\u00f3n general para los fines de la presente Pol\u00edtica de Privacidad. En caso de que combinemos informaci\u00f3n general no personal con datos personales, la informaci\u00f3n combinada ser\u00e1 considerada informaci\u00f3n personal mientras se mantenga combinada.<\/p>\n<p><strong>POLTICA DE PRIVACIDAD CONSULTA DIGITAL (TELESALUD)<\/strong><br \/>\nEl io del servicio de Consulta Digital que haga uso de cualquiera de los tel\u00e9fonos de los doctores que aparecen en dicha plataforma, consiente expresamente el tratamiento del n\u00famero del tel\u00e9fono desde el cual realice la llamada e informaci\u00f3n que facilite a trav\u00e9s de la misma, de acuerdo con la pol\u00edtica de protecci\u00f3n de datos de SALUDVITALE y conforme se le informa en la correspondiente locuci\u00f3n telef\u00f3nica.<\/p>\n<p><strong>INTEGRIDAD Y CONSERVACI\u00d3N DE DATOS PERSONALES<\/strong><br \/>\nSaludVitale le facilita la conservaci\u00f3n de los datos personales de una forma precisa, completa y actualizada. La informaci\u00f3n personal se conservar\u00e1 por el per\u00edodo que sea necesario para cumplir con los fines establecidos en la presente Pol\u00edtica de Privacidad, excepto que por Ley se requiera o autorice un per\u00edodo de conservaci\u00f3n superior.<\/p>\n<p><strong>ACCESO A LOS DATOS PERSONALES<\/strong><br \/>\nUsted puede ayudarnos a garantizar que su informaci\u00f3n de contacto y sus preferencias son precisas, completas y est\u00e1n actualizadas comprobando sus datos en la secci\u00f3n de configuraci\u00f3n de su espacio de usuario. Para cualquier duda, aclaraci\u00f3n o petici\u00f3n acerca de los datos personales ligada a su usuario le pedimos que se comunique a trav\u00e9s del correo electr\u00f3nico hola@saludvitale.com<\/p>\n<p><strong>MENORES<\/strong><br \/>\nS\u00f3lo pueden llenar y declarar bajo protesta de decir verdad las personas mayores de edad, en el entendido de que los datos por ellos manifestados son veraces y fidedignos. Si eres menor de edad, sal inmediatamente de la aplicaci\u00f3n o programa SaludVitale y evita su instalaci\u00f3n. No se har\u00e1 uso de los datos personales de menores de edad existentes en las bases de datos de los usuarios. En caso de que un menor de edad env\u00ede informaci\u00f3n personal a SaludVitale y tengamos conocimiento de ello, suprimiremos esa informaci\u00f3n lo antes posible.<\/p>\n<p><strong>SITIOS Y SERVICIOS DE TERCEROS<\/strong><br \/>\nLas p\u00e1ginas web, as\u00ed como la aplicaci\u00f3n y servicios de SaludVitale pueden contener enlaces hacia p\u00e1ginas, productos y servicios de terceros. Nuestros productos y servicios pueden adem\u00e1s utilizar u ofrecer productos o servicios de terceros \u2013 por ejemplo, una aplicaci\u00f3n de terceros para usted. La informaci\u00f3n recopilada por terceros, entre la que se incluye datos de localizaci\u00f3n o de contacto, est\u00e1 regulada por sus respectivas pol\u00edticas de privacidad. Le recomendamos que obtenga mayor informaci\u00f3n acerca de dichas pol\u00edticas de privacidad.<\/p>\n<p><strong>EL COMPROMISO DE TODA NUESTRA EMPRESA CON SU PRIVACIDAD<\/strong><br \/>\nPara asegurarnos de que sus datos personales est\u00e1n bien resguardados, damos a conocer estas directrices a todos los empleados y contratistas de SaludVitale sin importar su funci\u00f3n o l\u00ednea de negocio e imponemos estrictas medidas de seguridad dentro de la propia empresa.<br \/>\nTransferencia de Datos Personales: Sus datos personales podr\u00e1n ser remitidos a prestadores de servicios que nos auxilien al cumplimiento de las finalidades mencionadas en este Aviso de Privacidad, quienes tendr\u00e1n el car\u00e1cter de Encargados y no deber\u00e1n usar sus datos personales para fines no se\u00f1alados en este Aviso de Privacidad.<br \/>\nSus datos personales no podr\u00e1n ser transferidos sin su consentimiento. En caso de otorgarlo, usted podr\u00e1 revocarlo en cualquier momento, mediante comunicaci\u00f3n por escrito entregada en nuestro domicilio o enviada por correo electr\u00f3nico a la direcci\u00f3n que aparece en este mismo Aviso.<\/p>\n<div id=\"contact\"><strong>CONSULTAS ACERCA DE LA PRIVACIDAD<\/strong><\/div>\n<p>Si tiene preguntas o dudas con respecto a la Pol\u00edtica de Privacidad de SaludVitale o deseas eliminar tu cuenta, puede ponerse en contacto mediante: hola@saludvitale.com.<\/p>\n<p><strong>NORMATIVIDAD<\/strong><br \/>\nLas presentes pol\u00edticas de privacidad no son contrarias a derecho ni il\u00edcitas. Las presentes pol\u00edticas est\u00e1n reguladas y cumplen con lo dispuesto en:<br \/>\n\u2022 Colombia: Art\u00edculo 15 de la Constituci\u00f3n Pol\u00edtica de la Rep\u00fablica de Colombia,<br \/>\nLey 1581 del a\u00f1o 2012,<br \/>\nDecreto reglamentario 1377 del a\u00f1o 2013.<br \/>\n\u2022 Panam\u00e1: Ley 81 de 2019 de Protecci\u00f3n de Datos Personales.<br \/>\n\u2022 Ecuador: Ley Org\u00e1nica de Protecci\u00f3n de Datos Personales (LOPDP) de 2021.<\/p>\n<p><strong>JURISDICCI\u00d3N<\/strong><br \/>\nCualquier controversia relacionada con la interpretaci\u00f3n y aplicaci\u00f3n de las presentes Pol\u00edticas de Privacidad, se regir\u00e1n seg\u00fan su jurisdicci\u00f3n en:<br \/>\n\u2022 Colombia: por las Leyes Colombianas y se ventilar\u00e1n en los Tribunales y autoridades administrativas de la ciudad de Bogot\u00e1 (Colombia).<br \/>\n\u2022 Panam\u00e1: por las Leyes Paname\u00f1as y se ventilar\u00e1n en los Tribunales y autoridades administrativas de la ciudad de Panam\u00e1.<br \/>\n\u2022 Ecuador: por las Leyes Ecuatorianas y se ventilar\u00e1n en los Tribunales y autoridades administrativas de la ciudad de Quito (Ecuador).<\/p>\n<p><strong>PROPIEDAD INTELECTUAL<\/strong><br \/>\nLos derechos de propiedad intelectual (Derechos de Autor y Propiedad industrial) derivados de todos los textos, im\u00e1genes, as\u00ed como de los medios y formas de presentaci\u00f3n y montaje de su sitio web pertenecen, por s\u00ed o como cesionaria, a<\/p>\n<p>SaludVitale<\/p>\n<p>Jos\u00e9 Alberto Ch\u00e1vez M\u00e9ndez<\/p>\n<p>NIF: 54904534S<\/p>\n<p>Ser\u00e1n, por consiguiente, obras protegidas como propiedad intelectual por el ordenamiento jur\u00eddico de cada uno de los pa\u00edses donde est\u00e1 operando la plataforma, si\u00e9ndoles aplicables tanto la normativa nacional y comunitaria en este campo, como los tratados internacionales relativos a la materia y suscritos por dichos pa\u00edses. Todos los derechos reservados. En cumplimiento de la Ley de la Propiedad Intelectual se proh\u00edbe expresamente la reproducci\u00f3n, distribuci\u00f3n, comunicaci\u00f3n p\u00fablica y utilizaci\u00f3n, de la totalidad o parte de los contenidos de su sitio web sin el consentimiento expreso de SaludVitale.<\/p>\n<p>&nbsp;<\/p>\n<p><strong>DESCARGO DE RESPONSABILIDAD<\/strong><br \/>\nDescargo de responsabilidad: La informaci\u00f3n presentada en este sitio web no tiene ninguna voluntad de sustituir a un consejo m\u00e9dico propiamente dicho, ni SaludVitale ser un servicio m\u00e9dico de referencia. Nos esforzamos continuamente por mantener un alto grado de precisi\u00f3n y fiabilidad en la informaci\u00f3n m\u00e9dica proporcionada, pero no aseguramos la total exactitud, integridad o exhaustividad de la informaci\u00f3n contenida o vinculada a saludvitale.com o sus sitios web. La selecci\u00f3n de un m\u00e9dico es una decisi\u00f3n importante que no debe basarse \u00fanicamente en la publicidad o anuncios en este sitio web. SaludVitale no tiene ninguna responsabilidad vinculada a la calidad de los servicios m\u00e9dicos prestados por los m\u00e9dicos que figuran en este sitio web ni asegura un mayor servicio que el de otros m\u00e9dicos con licencia. SaludVitale es una empresa independiente que ha desarrollado una metodolog\u00eda de selecci\u00f3n de doctores de alto nivel propia y exclusiva. SaludVitale no acepta y aloja ninguna publicidad. El uso de este sitio est\u00e1 sujeto a estos t\u00e9rminos y condiciones.<\/p>\n<h2 style=\"font-size: 100%; color: #818695;\"><strong>POL\u00cdTICA DE COOKIES<\/strong><\/h2>\n<p>SaludVitale comunica a los usuarios, a trav\u00e9s de este aviso, que puede utilizar cookies cuando el usuario navega por las diferentes pantallas y p\u00e1ginas del sitio web y App M\u00f3vil.<\/p>\n<p>Durante el uso de nuestra p\u00e1gina Web y APP M\u00f3vil usted acepta y autoriza expresamente el uso de cookies, de acuerdo con nuestra Pol\u00edtica de Privacidad.<\/p>\n<p><strong>\u00bfQu\u00e9 son las cookies?<\/strong><\/p>\n<p>Una cookie es un archivo de texto muy peque\u00f1o que un servidor Web puede guardar en el disco duro de un equipo para almacenar alg\u00fan tipo de informaci\u00f3n sobre el usuario. La cookie identifica el equipo de forma \u00fanica, y s\u00f3lo puede ser le\u00edda por el sitio Web que lo envi\u00f3 al equipo.<\/p>\n<p>Una cookie no es un archivo ejecutable ni un programa y por lo tanto no puede propagar o contener un virus u otro software malicioso, ni puede tener una longitud superior a 4.000 caracteres.<\/p>\n<p><strong>\u00bfPara qu\u00e9 sirven las cookies?<\/strong><\/p>\n<p>La utilizaci\u00f3n de las cookies tiene como finalidad exclusiva recordar las preferencias del usuario (idioma, pa\u00eds, inicio de sesi\u00f3n, caracter\u00edsticas de su navegador, informaci\u00f3n de uso de nuestra Web, etc.)<\/p>\n<p>Recordando sus preferencias no tendremos que, por ejemplo, preguntarle por su pa\u00eds cada vez que visite nuestra Web. Sabremos las caracter\u00edsticas del ordenador que est\u00e1 usando y as\u00ed podremos ofrecerle una mejor experiencia de navegaci\u00f3n.<\/p>\n<p>Las cookies pueden ayudar a nuestro sitio Web a distinguir el navegador del usuario como visitante anterior y as\u00ed guardar y recordar las preferencias que puedan haberse establecido mientras el usuario que estaba navegando por el sitio, personalizar las p\u00e1ginas de inicio, identificar qu\u00e9 sectores de un sitio han sido visitados o mantener un registro de selecciones en un &#8220;carro de compra&#8221;.<\/p>\n<p>SaludVitale puede utilizar las cookies con el objeto de reconocer a los usuarios que se hayan registrado y poder ofrecerles un mejor servicio y m\u00e1s personalizado.<\/p>\n<p>Asimismo, pueden ser utilizadas para obtener informaci\u00f3n acerca de la fecha y hora de la \u00faltima visita del usuario, medir algunos par\u00e1metros de tr\u00e1fico dentro del propio sitio y estimar el n\u00famero de visitas realizadas, de manera que SaludVitale pueda enfocar y ajustar los servicios y promociones de forma m\u00e1s efectiva.<\/p>\n<p>Normalmente los sitios Web utilizan las cookies para obtener informaci\u00f3n estad\u00edstica sobre sus p\u00e1ginas Web. Tenga en cuenta que recogemos datos sobre sus movimientos y uso de nuestra Web como datos estad\u00edsticos, no personales.<\/p>\n<p><strong>Tipos y finalidades de las cookies.<\/strong><\/p>\n<p>A continuaci\u00f3n se presenta una lista de las cookies que puede encontrar en nuestro sitio Web y una breve descripci\u00f3n de su finalidad. Le aseguramos que ninguna de ellas conserva informaci\u00f3n de identificaci\u00f3n personal sobre usted. Algunas cookies personalizan su visita, otras recuerdan sus preferencias, mientras que otras solo nos proveen estad\u00edsticas de los visitantes.<\/p>\n<p><strong>Nombre del proveedor, Nombre y tipos de cookies y su descripci\u00f3n.<\/strong><\/p>\n<p>Google Analytics: _utma, _utmb, _utmc, _utmz &#8211; Cookies utilizados para registrar e identificar visitantes y \u00fanicos con fines anal\u00edticos y estad\u00edsticos.<\/p>\n<p>Facebook: datr, locale, reg_fb_gate, reg_fb_ref, fmb_123471521015280 o fc: &#8211; Cookies de Facebook que permiten guardar datos de la sesi\u00f3n del usuario y datos hist\u00f3ricos de navegaci\u00f3n por la p\u00e1gina de Facebook. Permite adaptar mejor el contenido del site y facilita el uso dependiendo si el usuario esta logado o no en Facebook en el momento de la visita. Tambi\u00e9n guarda datos relacionados con el inicio de sesi\u00f3n mediante Facebook Connect o Facebook like.<\/p>\n<p>Google.com: NID, ID de Canal: &#8211; Cookies de Google para guardar datos sobre la navegacion del usuario para ofrecer contenido personalizado seg\u00fan su historial.<\/p>\n<p>Accounts.google.com: GALX, GAPS, GoogleAccountsLocale_Session &#8211; Cookies que almacenan los datos del usuario para mejorar la experiencia de navegacion.<\/p>\n<p>Fonts.googleapis.com: web, ID de Canal &#8211; Cookies de la API de Google para mejorar el dise\u00f1o de la p\u00e1gina<\/p>\n<p>GoogleUsercontent.com: ID de Canal &#8211; Cookies de Go que almacenan informaci\u00f3n sobre contenidos vistos por el usuario.<\/p>\n<p>Google.com: NID, OGPC &#8211; Cookies de Google que permiten ofrecer una navegaci\u00f3n mejorada al usuario.<\/p>\n<p>Twitter.com: Guest_id &#8211; Cookie que permite a Twitter identificar a sus usuarios en otras p\u00e1ginas web.<\/p>\n<p>Youtube.com: ID de canal &#8211; Cookie de Youtube para identificar a usuarios.<\/p>\n<p>Accounts.youtube.com: CheckConnection TempCookie, GoogleAccountsLocale_session: &#8211; Cookies de Youtube para identificar a usuarios.<\/p>\n<p>Gstatic.com: Id de Canal &#8211; Este Cookie recopila de forma an\u00f3nima los h\u00e1bitos de uso del sitio de los visitantes.<\/p>\n<p>ajax.googleapis.com: Id de Canal &#8211; Cookie que permite a Google ofrecer mejor experiencia de navegaci\u00f3n al usuario.<\/p>\n<p>Doubleclick: ID, ID de Canal, _drt_ &#8211; Cookies que permiten personalizar los anuncios seg\u00fan el historial de navegaci\u00f3n del usuario y ofrecer contenido relevante.<\/p>\n<p>&nbsp;<\/p>\n<p>SALVAGUARDIAS DE PROTECCI\u00d3N<\/p>\n<p>El usuario puede configurar su navegador para aceptar, o no, las cookies que recibe o para que el navegador le avise cuando un servidor quiera guardar una cookie o borrarlas de su ordenador. Puede encontrar las instrucciones en la configuraci\u00f3n de seguridad en su navegador Web.<\/p>\n<p>Ejemplos:<\/p>\n<p>&#8211; Si utiliza Microsoft Internet Explorer, en la opci\u00f3n de men\u00fa Herramientas &gt; Opciones de Internet &gt; Privacidad &gt; Configuraci\u00f3n.<\/p>\n<p>&#8211; Si utiliza Firefox, en la opci\u00f3n de men\u00fa Herramientas &gt; Opciones &gt; Privacidad&gt; Cookies.<\/p>\n<p>&#8211; Si utiliza Google Chrome, en la opci\u00f3n de men\u00fa Configuraci\u00f3n &gt; Privacidad<\/p>\n<p>&#8211; Si utiliza Safari, en la opci\u00f3n de men\u00fa Preferencias &gt; Seguridad<\/p>\n<p>Puede hacer uso de la secci\u00f3n \u201cAyuda\u201d que encontrar\u00e1 en la barra de herramientas de la mayor\u00eda de navegadores para cambiar los ajustes de su ordenador, sin embargo, algunas de las caracter\u00edsticas de nuestros servicios online pueden no funcionar o pueden resultar m\u00e1s complicadas de acceder si rechaza todas las cookies.<\/p>\n<p>Muchos navegadores permiten activar un modo privado mediante el cual las cookies se borran siempre despu\u00e9s de su visita. Dependiendo de cada navegador, este modo privado puede tener diferentes nombres, abajo puede encontrar una lista de los navegadores m\u00e1s comunes y los diferentes nombres de este \u201cmodo privado\u201d:<\/p>\n<p>&#8211; Internet Explorer 8 y superior: InPrivate<\/p>\n<p>&nbsp;<\/p>\n<p>&#8211; FireFox 3.5 y superior: Navegaci\u00f3n Privada<\/p>\n<p>&nbsp;<\/p>\n<p>&#8211; Google Chrome 10 y superior: Inc\u00f3gnito<\/p>\n<p>&nbsp;<\/p>\n<p>&#8211; Safari 2 y superior: Navegaci\u00f3n Privada<\/p>\n<p>&nbsp;<\/p>\n<p>&#8211; Opera 10.5 y superior: Navegaci\u00f3n Privada<\/p>\n<p>Por favor, lea atentamente la secci\u00f3n de ayuda de su navegador para conocer m\u00e1s acerca de como activar el \u201cmodo privado\u201d. Podr\u00e1 seguir visitando nuestra Web aunque su navegador est\u00e9 en \u201cmodo privado\u201d, no obstante, la experiencia de usuario puede no ser \u00f3ptima y algunas utilidades pueden no funcionar.<\/p>\n<p>SaludVitale le agradece que active la aceptaci\u00f3n de cookies, esto nos ayuda a obtener datos m\u00e1s precisos que nos permiten mejorar el contenido y el dise\u00f1o de nuestra p\u00e1gina Web para adaptarlo a sus preferencias.<\/p>\n","protected":false},"excerpt":{"rendered":"<p>Su privacidad es importante para SaludVitale plataforma propiedad de: Jos\u00e9 Alberto Ch\u00e1vez M\u00e9ndez NIF: 54904534S Quien de ahora en adelante llamaremos SaludVitale, por lo que hemos<span class=\"excerpt-hellip\"> [\u2026]<\/span><\/p>\n","protected":false},"author":1,"featured_media":0,"parent":0,"menu_order":0,"comment_status":"closed","ping_status":"open","template":"","meta":{"footnotes":""},"class_list":["post-372","page","type-page","status-publish","hentry"],"_links":{"self":[{"href":"https:\/\/saludvitale.com\/doctor\/wp-json\/wp\/v2\/pages\/372","targetHints":{"allow":["GET"]}}],"collection":[{"href":"https:\/\/saludvitale.com\/doctor\/wp-json\/wp\/v2\/pages"}],"about":[{"href":"https:\/\/saludvitale.com\/doctor\/wp-json\/wp\/v2\/types\/page"}],"author":[{"embeddable":true,"href":"https:\/\/saludvitale.com\/doctor\/wp-json\/wp\/v2\/users\/1"}],"replies":[{"embeddable":true,"href":"https:\/\/saludvitale.com\/doctor\/wp-json\/wp\/v2\/comments?post=372"}],"version-history":[{"count":9,"href":"https:\/\/saludvitale.com\/doctor\/wp-json\/wp\/v2\/pages\/372\/revisions"}],"predecessor-version":[{"id":15792,"href":"https:\/\/saludvitale.com\/doctor\/wp-json\/wp\/v2\/pages\/372\/revisions\/15792"}],"wp:attachment":[{"href":"https:\/\/saludvitale.com\/doctor\/wp-json\/wp\/v2\/media?parent=372"}],"curies":[{"name":"wp","href":"https:\/\/api.w.org\/{rel}","templated":true}]}}