{"id":1972,"date":"2020-02-06T09:08:06","date_gmt":"2020-02-06T13:08:06","guid":{"rendered":"https:\/\/www.saludvitale.com\/doctor\/?page_id=1972"},"modified":"2024-01-24T08:22:32","modified_gmt":"2024-01-24T12:22:32","slug":"derecho-de-propiedad-y-marcas-registradas","status":"publish","type":"page","link":"https:\/\/saludvitale.com\/doctor\/derecho-de-propiedad-y-marcas-registradas\/","title":{"rendered":"Derecho de Propiedad y Marcas Registradas"},"content":{"rendered":"<p><span lang=\"ES-VE\">Estos T\u00e9rminos y Condiciones son v\u00e1lidos para el sitio web\u00a0<a href=\"https:\/\/www.saludvitale.com\/\" target=\"_blank\" rel=\"noopener noreferrer\" data-saferedirecturl=\"https:\/\/www.google.com\/url?hl=es-419&amp;q=https:\/\/www.saludvitale.com&amp;source=gmail&amp;ust=1504204325327000&amp;usg=AFQjCNGDwuumJ4e91QluOYA9VXz8oq_E7A\">saludvitale.com<\/a><\/span><\/p>\n<p>&nbsp;<\/p>\n<h2 style=\"font-size: 100%; color: #818695;\"><strong><span lang=\"ES-VE\">1. DERECHOS DE PROPIEDAD INTELECTUAL E INDUSTRIAL.<\/span><\/strong><\/h2>\n<p>&nbsp;<\/p>\n<p><strong><span lang=\"ES-VE\">1.1 DERECHOS DE AUTOR<\/span><\/strong><\/p>\n<p><span lang=\"ES-VE\">Todo el contenido incluido en o puesto a disposici\u00f3n a trav\u00e9s de cualquier Servicio de\u00a0<a href=\"https:\/\/www.saludvitale.com\/\" target=\"_blank\" rel=\"noopener noreferrer\" data-saferedirecturl=\"https:\/\/www.google.com\/url?hl=es-419&amp;q=https:\/\/www.saludvitale.com&amp;source=gmail&amp;ust=1504204325327000&amp;usg=AFQjCNGDwuumJ4e91QluOYA9VXz8oq_E7A\">saludvitale.com<\/a>, como por ejemplo texto, gr\u00e1ficos, logotipos, iconos de botones, im\u00e1genes, archivos de sonido, descargas digitales, recopilaci\u00f3n de datos y soporte l\u00f3gico son propiedad de SALUDVITALE, S.A.S. o sus proveedores de contenido y est\u00e1 protegido por las leyes internacionales sobre derecho de autor. El conjunto de todo el contenido albergado o puesto a disposici\u00f3n a trav\u00e9s de cualquier Servicio de\u00a0<a href=\"https:\/\/www.saludvitale.com\/\" target=\"_blank\" rel=\"noopener noreferrer\" data-saferedirecturl=\"https:\/\/www.google.com\/url?hl=es-419&amp;q=https:\/\/www.saludvitale.com&amp;source=gmail&amp;ust=1504204325327000&amp;usg=AFQjCNGDwuumJ4e91QluOYA9VXz8oq_E7A\">saludvitale.com<\/a>\u00a0es propiedad exclusiva de SALUDVITALE, S.A.S. y est\u00e1 protegido por las leyes internacionales sobre los derechos de autor.<\/span><\/p>\n<p>&nbsp;<\/p>\n<p><strong><span lang=\"ES-VE\">1.2 MARCAS COMERCIALES<\/span><\/strong><\/p>\n<p><span lang=\"ES-VE\">De forma adicional, los gr\u00e1ficos, los logotipos, los encabezados de p\u00e1gina, \u00edconos de botones, secuencias de comandos y nombres de servicio incluido o disponible a trav\u00e9s de cualquier servicio de\u00a0<a href=\"https:\/\/www.saludvitale.com\/\" target=\"_blank\" rel=\"noopener noreferrer\" data-saferedirecturl=\"https:\/\/www.google.com\/url?hl=es-419&amp;q=https:\/\/www.saludvitale.com&amp;source=gmail&amp;ust=1504204325327000&amp;usg=AFQjCNGDwuumJ4e91QluOYA9VXz8oq_E7A\">saludvitale.com<\/a>\u00a0son marcas comerciales o im\u00e1genes comerciales de SALUDVITALE, S.A.S. en Colombia y otros pa\u00edses. Las marcas e im\u00e1genes comerciales de\u00a0<a href=\"https:\/\/www.saludvitale.com\/\" target=\"_blank\" rel=\"noopener noreferrer\" data-saferedirecturl=\"https:\/\/www.google.com\/url?hl=es-419&amp;q=https:\/\/www.saludvitale.com&amp;source=gmail&amp;ust=1504204325327000&amp;usg=AFQjCNGDwuumJ4e91QluOYA9VXz8oq_E7A\">saludvitale.com<\/a>\u00a0no se podr\u00e1n utilizar en relaci\u00f3n con ning\u00fan producto o servicio que no pertenezca a\u00a0<a href=\"https:\/\/www.saludvitale.com\/\" target=\"_blank\" rel=\"noopener noreferrer\" data-saferedirecturl=\"https:\/\/www.google.com\/url?hl=es-419&amp;q=https:\/\/www.saludvitale.com&amp;source=gmail&amp;ust=1504204325327000&amp;usg=AFQjCNGDwuumJ4e91QluOYA9VXz8oq_E7A\">saludvitale.com<\/a>, ni en ning\u00fan sentido que pueda causar confusi\u00f3n entre los usuarios, ni en ning\u00fan sentido que descalifique o desacredite a SALUDVITALE, S.A.S. Todas las dem\u00e1s marcas comerciales no pertenecientes a\u00a0<a href=\"https:\/\/www.saludvitale.com\/\" target=\"_blank\" rel=\"noopener noreferrer\" data-saferedirecturl=\"https:\/\/www.google.com\/url?hl=es-419&amp;q=https:\/\/www.saludvitale.com&amp;source=gmail&amp;ust=1504204325327000&amp;usg=AFQjCNGDwuumJ4e91QluOYA9VXz8oq_E7A\">saludvitale.com<\/a>\u00a0que se muestren en cualquier Servicio de\u00a0<a href=\"https:\/\/www.saludvitale.com\/\" target=\"_blank\" rel=\"noopener noreferrer\" data-saferedirecturl=\"https:\/\/www.google.com\/url?hl=es-419&amp;q=https:\/\/www.saludvitale.com&amp;source=gmail&amp;ust=1504204325327000&amp;usg=AFQjCNGDwuumJ4e91QluOYA9VXz8oq_E7A\">saludvitale.com<\/a>\u00a0son propiedad de sus respectivos propietarios, quienes podr\u00e1n o no estar afiliados o relacionados de cualquier modo con\u00a0<a href=\"https:\/\/www.saludvitale.com\/\" target=\"_blank\" rel=\"noopener noreferrer\" data-saferedirecturl=\"https:\/\/www.google.com\/url?hl=es-419&amp;q=https:\/\/www.saludvitale.com&amp;source=gmail&amp;ust=1504204325327000&amp;usg=AFQjCNGDwuumJ4e91QluOYA9VXz8oq_E7A\">saludvitale.com<\/a>, o patrocinados por\u00a0<a href=\"https:\/\/www.saludvitale.com\/\" target=\"_blank\" rel=\"noopener noreferrer\" data-saferedirecturl=\"https:\/\/www.google.com\/url?hl=es-419&amp;q=https:\/\/www.saludvitale.com&amp;source=gmail&amp;ust=1504204325327000&amp;usg=AFQjCNGDwuumJ4e91QluOYA9VXz8oq_E7A\">saludvitale.com<\/a>.<\/span><\/p>\n<p>&nbsp;<\/p>\n<p><strong><span lang=\"ES-VE\">1.3 PATENTES<\/span><\/strong><\/p>\n<p><span lang=\"ES-VE\">Diversas patentes pertenecientes a\u00a0<a href=\"https:\/\/www.saludvitale.com\/\" target=\"_blank\" rel=\"noopener noreferrer\" data-saferedirecturl=\"https:\/\/www.google.com\/url?hl=es-419&amp;q=https:\/\/www.saludvitale.com&amp;source=gmail&amp;ust=1504204325327000&amp;usg=AFQjCNGDwuumJ4e91QluOYA9VXz8oq_E7A\">saludvitale.com<\/a>\u00a0son aplicables a los Servicios de\u00a0<a href=\"https:\/\/www.saludvitale.com\/\" target=\"_blank\" rel=\"noopener noreferrer\" data-saferedirecturl=\"https:\/\/www.google.com\/url?hl=es-419&amp;q=https:\/\/www.saludvitale.com&amp;source=gmail&amp;ust=1504204325327000&amp;usg=AFQjCNGDwuumJ4e91QluOYA9VXz8oq_E7A\">saludvitale.com<\/a>\u00a0as\u00ed como a las caracter\u00edsticas y servicios accesibles a trav\u00e9s de los mismos. Ciertas partes de Servicios de\u00a0<a href=\"https:\/\/www.saludvitale.com\/\" target=\"_blank\" rel=\"noopener noreferrer\" data-saferedirecturl=\"https:\/\/www.google.com\/url?hl=es-419&amp;q=https:\/\/www.saludvitale.com&amp;source=gmail&amp;ust=1504204325327000&amp;usg=AFQjCNGDwuumJ4e91QluOYA9VXz8oq_E7A\">saludvitale.com<\/a>operan en virtud de la licencia de diversas patentes.<\/span><\/p>\n<p>&nbsp;<\/p>\n<p><strong><span lang=\"ES-VE\">1.4 LICENCIA Y ACCESO<\/span><\/strong><\/p>\n<p><span lang=\"ES-VE\">Sujeto a su cumplimiento de estas Condiciones de Uso, as\u00ed como al pago de cualquier tarifa aplicable,<a href=\"https:\/\/www.saludvitale.com\/\" target=\"_blank\" rel=\"noopener noreferrer\" data-saferedirecturl=\"https:\/\/www.google.com\/url?hl=es-419&amp;q=https:\/\/www.saludvitale.com&amp;source=gmail&amp;ust=1504204325327000&amp;usg=AFQjCNGDwuumJ4e91QluOYA9VXz8oq_E7A\">saludvitale.com<\/a>\u00a0o sus proveedores de contenido le otorgan una licencia limitada, no exclusiva, no transferible y sin sublicencia para ingresar y realizar uso personal no comercial de los Servicios de\u00a0<a href=\"https:\/\/www.saludvitale.com\/\" target=\"_blank\" rel=\"noopener noreferrer\" data-saferedirecturl=\"https:\/\/www.google.com\/url?hl=es-419&amp;q=https:\/\/www.saludvitale.com&amp;source=gmail&amp;ust=1504204325327000&amp;usg=AFQjCNGDwuumJ4e91QluOYA9VXz8oq_E7A\">saludvitale.com<\/a>. Esta licencia no incluye derecho alguno de reventa ni de uso comercial de ninguno de los Servicios de\u00a0<a href=\"https:\/\/www.saludvitale.com\/\" target=\"_blank\" rel=\"noopener noreferrer\" data-saferedirecturl=\"https:\/\/www.google.com\/url?hl=es-419&amp;q=https:\/\/www.saludvitale.com&amp;source=gmail&amp;ust=1504204325327000&amp;usg=AFQjCNGDwuumJ4e91QluOYA9VXz8oq_E7A\">saludvitale.com<\/a>, ni sus contenidos; ning\u00fan derecho a realizar ninguna recolecci\u00f3n ni uso de cualesquiera listas de producto, descripciones o precios; derecho alguno a realizar ning\u00fan uso derivado de los Servicios de\u00a0<a href=\"https:\/\/www.saludvitale.com\/\" target=\"_blank\" rel=\"noopener noreferrer\" data-saferedirecturl=\"https:\/\/www.google.com\/url?hl=es-419&amp;q=https:\/\/www.saludvitale.com&amp;source=gmail&amp;ust=1504204325327000&amp;usg=AFQjCNGDwuumJ4e91QluOYA9VXz8oq_E7A\">saludvitale.com<\/a>\u00a0ni sus contenidos; a descargar, copiar, u otro uso de informaci\u00f3n de cuenta para el beneficio de un tercero; ni el uso de extracci\u00f3n de datos, robots o herramientas de extracci\u00f3n y recopilaci\u00f3n de datos similares.\u00a0<a href=\"https:\/\/www.saludvitale.com\/\" target=\"_blank\" rel=\"noopener noreferrer\" data-saferedirecturl=\"https:\/\/www.google.com\/url?hl=es-419&amp;q=https:\/\/www.saludvitale.com&amp;source=gmail&amp;ust=1504204325327000&amp;usg=AFQjCNGDwuumJ4e91QluOYA9VXz8oq_E7A\">saludvitale.com<\/a>\u00a0y sus licenciantes, proveedores, editores, titulares de los derechos o proveedores de otro contenido se reservan y mantienen cualesquiera derechos que no se encuentren expresamente comprendidos en estas Condiciones de Uso o en los T\u00e9rminos de Servicio. No est\u00e1 permitida la reproducci\u00f3n, duplicaci\u00f3n, copia, venta, reventa o explotaci\u00f3n de ning\u00fan tipo de los Servicios de\u00a0<a href=\"https:\/\/www.saludvitale.com\/\" target=\"_blank\" rel=\"noopener noreferrer\" data-saferedirecturl=\"https:\/\/www.google.com\/url?hl=es-419&amp;q=https:\/\/www.saludvitale.com&amp;source=gmail&amp;ust=1504204325327000&amp;usg=AFQjCNGDwuumJ4e91QluOYA9VXz8oq_E7A\">saludvitale.com<\/a>\u00a0ni de ninguna parte de los mismos con fines comerciales sin el previo consentimiento expreso por escrito de\u00a0<a href=\"https:\/\/www.saludvitale.com\/\" target=\"_blank\" rel=\"noopener noreferrer\" data-saferedirecturl=\"https:\/\/www.google.com\/url?hl=es-419&amp;q=https:\/\/www.saludvitale.com&amp;source=gmail&amp;ust=1504204325327000&amp;usg=AFQjCNGDwuumJ4e91QluOYA9VXz8oq_E7A\">saludvitale.com<\/a>. No podr\u00e1 enmarcar o utilizar t\u00e9cnicas de enmarcaci\u00f3n para instalar un contorno en ninguna marca comercial, logotipo u otra informaci\u00f3n exclusiva (incluyendo im\u00e1genes, texto, o dise\u00f1o de p\u00e1gina o formatos) de\u00a0<a href=\"https:\/\/www.saludvitale.com\/\" target=\"_blank\" rel=\"noopener noreferrer\" data-saferedirecturl=\"https:\/\/www.google.com\/url?hl=es-419&amp;q=https:\/\/www.saludvitale.com&amp;source=gmail&amp;ust=1504204325327000&amp;usg=AFQjCNGDwuumJ4e91QluOYA9VXz8oq_E7A\">saludvitale.com<\/a>\u00a0sin el consentimiento expreso por escrito. No podr\u00e1 utilizar meta etiquetas (meta tags) ni ning\u00fan &#8220;texto oculto&#8221; que utilice el nombre o marcas comerciales de\u00a0<a href=\"https:\/\/www.saludvitale.com\/\" target=\"_blank\" rel=\"noopener noreferrer\" data-saferedirecturl=\"https:\/\/www.google.com\/url?hl=es-419&amp;q=https:\/\/www.saludvitale.com&amp;source=gmail&amp;ust=1504204325327000&amp;usg=AFQjCNGDwuumJ4e91QluOYA9VXz8oq_E7A\">saludvitale.com<\/a>\u00a0sin nuestra autorizaci\u00f3n expresa por escrito. No podr\u00e1 hacer uso indebido de los Servicios de\u00a0<a href=\"https:\/\/www.saludvitale.com\/\" target=\"_blank\" rel=\"noopener noreferrer\" data-saferedirecturl=\"https:\/\/www.google.com\/url?hl=es-419&amp;q=https:\/\/www.saludvitale.com&amp;source=gmail&amp;ust=1504204325327000&amp;usg=AFQjCNGDwuumJ4e91QluOYA9VXz8oq_E7A\">saludvitale.com<\/a>. Podr\u00e1 utilizar los Servicios de\u00a0<a href=\"https:\/\/www.saludvitale.com\/\" target=\"_blank\" rel=\"noopener noreferrer\" data-saferedirecturl=\"https:\/\/www.google.com\/url?hl=es-419&amp;q=https:\/\/www.saludvitale.com&amp;source=gmail&amp;ust=1504204325328000&amp;usg=AFQjCNFz5jkOr78j--TfH9VfzwFTlUB20Q\">saludvitale.com<\/a>\u00a0\u00fanicamente hasta donde lo permita la ley. Las licencias otorgadas por\u00a0<a href=\"https:\/\/www.saludvitale.com\/\" target=\"_blank\" rel=\"noopener noreferrer\" data-saferedirecturl=\"https:\/\/www.google.com\/url?hl=es-419&amp;q=https:\/\/www.saludvitale.com&amp;source=gmail&amp;ust=1504204325328000&amp;usg=AFQjCNFz5jkOr78j--TfH9VfzwFTlUB20Q\">saludvitale.com<\/a>\u00a0terminar\u00e1n si usted incumple con estas Condiciones de Uso o con cualquiera de los T\u00e9rminos de Servicio.<\/span><\/p>\n<p>&nbsp;<\/p>\n<p><strong><span lang=\"ES-VE\">2. JURISDICCI\u00d3N.<\/span><\/strong><\/p>\n<p><span lang=\"ES-VE\">Estas Condiciones Generales se rigen por la ley de la Rep\u00fablica de Colombia. Las partes se someten, a su elecci\u00f3n, para la resoluci\u00f3n de los conflictos y con renuncia a cualquier otro fuero, a los juzgados y tribunales del domicilio del usuario. Asimismo, como entidad adherida a LA CONSTITUCI\u00d3N DE LA REP\u00daBLICA DE COLOMBIA y en los t\u00e9rminos de su LEY DE PROTECCI\u00d3N DE DATOS, en caso de controversias, el usuario podr\u00e1 acudir a los tribunales competentes dentro de la Rep\u00fablica de Colombia.<\/span><\/p>\n","protected":false},"excerpt":{"rendered":"<p>Estos T\u00e9rminos y Condiciones son v\u00e1lidos para el sitio web\u00a0saludvitale.com &nbsp; 1. DERECHOS DE PROPIEDAD INTELECTUAL E INDUSTRIAL. &nbsp; 1.1 DERECHOS DE AUTOR Todo el contenido<span class=\"excerpt-hellip\"> [\u2026]<\/span><\/p>\n","protected":false},"author":1,"featured_media":0,"parent":0,"menu_order":0,"comment_status":"closed","ping_status":"closed","template":"","meta":{"footnotes":""},"class_list":["post-1972","page","type-page","status-publish","hentry"],"_links":{"self":[{"href":"https:\/\/saludvitale.com\/doctor\/wp-json\/wp\/v2\/pages\/1972","targetHints":{"allow":["GET"]}}],"collection":[{"href":"https:\/\/saludvitale.com\/doctor\/wp-json\/wp\/v2\/pages"}],"about":[{"href":"https:\/\/saludvitale.com\/doctor\/wp-json\/wp\/v2\/types\/page"}],"author":[{"embeddable":true,"href":"https:\/\/saludvitale.com\/doctor\/wp-json\/wp\/v2\/users\/1"}],"replies":[{"embeddable":true,"href":"https:\/\/saludvitale.com\/doctor\/wp-json\/wp\/v2\/comments?post=1972"}],"version-history":[{"count":9,"href":"https:\/\/saludvitale.com\/doctor\/wp-json\/wp\/v2\/pages\/1972\/revisions"}],"predecessor-version":[{"id":14949,"href":"https:\/\/saludvitale.com\/doctor\/wp-json\/wp\/v2\/pages\/1972\/revisions\/14949"}],"wp:attachment":[{"href":"https:\/\/saludvitale.com\/doctor\/wp-json\/wp\/v2\/media?parent=1972"}],"curies":[{"name":"wp","href":"https:\/\/api.w.org\/{rel}","templated":true}]}}