{"id":14336,"date":"2023-06-22T11:49:46","date_gmt":"2023-06-22T15:49:46","guid":{"rendered":"https:\/\/www.saludvitale.com\/doctor\/?page_id=14336"},"modified":"2023-06-22T11:49:46","modified_gmt":"2023-06-22T15:49:46","slug":"proyecto-de-comercio-electronico-y-tic","status":"publish","type":"page","link":"https:\/\/saludvitale.com\/doctor\/proyecto-de-comercio-electronico-y-tic\/","title":{"rendered":"Proyecto de Comercio Electr\u00f3nico y TIC"},"content":{"rendered":"<p><strong>DESCRIPCION DE LA OPERACION<\/strong><br \/>\nEn el marco del programa operativo 2014-2020, se financian proyectos empresariales relacionados con el uso del comercio electr\u00f3nico y TIC en empresas de la Comunidad Aut\u00f3noma de Extremadura, cofinanciados con Fondos Europeos de Desarrollo Regional (FEDER), siendo la finalidad que se persigue fomentar el uso del comercio electr\u00f3nico y TIC por los aut\u00f3nomos, as\u00ed como aumentar el numero de aut\u00f3nomos y empresas extreme\u00f1as que comercializan sus productos\/servicios online, y fomentar proyectos que integren soluciones que cumplan est\u00e1ndares de seguridad y se apoyen en plataformas ya existentes que cumplen y son fiables.<\/p>\n<p><strong>DESCRIPCION DEL PROYECTO: <\/strong>SaludVitale es una app m\u00f3vil y web que facilita el acceso y gesti\u00f3n del sector salud.<\/p>\n<p><strong>OBJETIVOS<\/strong><br \/>\n<b>Especifico de la <\/b><span style=\"font-size: 14px;\"><b>operaci\u00f3n<\/b><\/span><b>:<\/b> &#8220;Desarrollar la econom\u00eda digital incluyendo el comercio electr\u00f3nico, para el crecimiento, la competitividad y la internacionalizaci\u00f3n de la empresa espa\u00f1ola&#8221;.<br \/>\n<strong>Del proyecto subvencionado:\u00a0 <\/strong>mejorar el posicionamiento en google y la presencia en redes sociales de SaludVitale.<\/p>\n<p><strong>RESULTADOS PREVISTOS: <\/strong>Mejorar el marketing online de SaludVitale.<\/p>\n<p><strong>BASE REGULADORA: <\/strong>Decreto 132\/2021 del 24 de noviembre.<br \/>\n<strong>PRESUPUESTO:<\/strong> 15.000\u20ac.<br \/>\n<strong>AYUDA RECIBIDA:<\/strong> 12.000\u20ac.<br \/>\n<strong>FONDO:<\/strong> Fondo Europeo de Desarrollo Regional (FEDER).<\/p>\n<p><img loading=\"lazy\" decoding=\"async\" class=\"alignnone size-medium wp-image-14337\" src=\"https:\/\/www.saludvitale.com\/doctor\/wp-content\/uploads\/2023\/06\/logo-junta-300x74.jpg\" alt=\"\" width=\"300\" height=\"74\" srcset=\"https:\/\/saludvitale.com\/doctor\/wp-content\/uploads\/2023\/06\/logo-junta-300x74.jpg 300w, https:\/\/saludvitale.com\/doctor\/wp-content\/uploads\/2023\/06\/logo-junta-260x64.jpg 260w, https:\/\/saludvitale.com\/doctor\/wp-content\/uploads\/2023\/06\/logo-junta-50x12.jpg 50w, https:\/\/saludvitale.com\/doctor\/wp-content\/uploads\/2023\/06\/logo-junta-150x37.jpg 150w, https:\/\/saludvitale.com\/doctor\/wp-content\/uploads\/2023\/06\/logo-junta.jpg 380w\" sizes=\"auto, (max-width: 300px) 100vw, 300px\" \/><\/p>\n","protected":false},"excerpt":{"rendered":"<p>DESCRIPCION DE LA OPERACION En el marco del programa operativo 2014-2020, se financian proyectos empresariales relacionados con el uso del comercio electr\u00f3nico y TIC en empresas<span class=\"excerpt-hellip\"> [\u2026]<\/span><\/p>\n","protected":false},"author":1,"featured_media":0,"parent":0,"menu_order":0,"comment_status":"closed","ping_status":"closed","template":"","meta":{"footnotes":""},"class_list":["post-14336","page","type-page","status-publish","hentry"],"_links":{"self":[{"href":"https:\/\/saludvitale.com\/doctor\/wp-json\/wp\/v2\/pages\/14336","targetHints":{"allow":["GET"]}}],"collection":[{"href":"https:\/\/saludvitale.com\/doctor\/wp-json\/wp\/v2\/pages"}],"about":[{"href":"https:\/\/saludvitale.com\/doctor\/wp-json\/wp\/v2\/types\/page"}],"author":[{"embeddable":true,"href":"https:\/\/saludvitale.com\/doctor\/wp-json\/wp\/v2\/users\/1"}],"replies":[{"embeddable":true,"href":"https:\/\/saludvitale.com\/doctor\/wp-json\/wp\/v2\/comments?post=14336"}],"version-history":[{"count":2,"href":"https:\/\/saludvitale.com\/doctor\/wp-json\/wp\/v2\/pages\/14336\/revisions"}],"predecessor-version":[{"id":14341,"href":"https:\/\/saludvitale.com\/doctor\/wp-json\/wp\/v2\/pages\/14336\/revisions\/14341"}],"wp:attachment":[{"href":"https:\/\/saludvitale.com\/doctor\/wp-json\/wp\/v2\/media?parent=14336"}],"curies":[{"name":"wp","href":"https:\/\/api.w.org\/{rel}","templated":true}]}}