{"id":12793,"date":"2022-08-31T16:41:12","date_gmt":"2022-08-31T20:41:12","guid":{"rendered":"https:\/\/www.saludvitale.com\/doctor\/?page_id=12793"},"modified":"2024-03-06T09:28:23","modified_gmt":"2024-03-06T13:28:23","slug":"aplicacion-gestion-centros-medicos","status":"publish","type":"page","link":"https:\/\/saludvitale.com\/doctor\/aplicacion-gestion-centros-medicos\/","title":{"rendered":"Aplicaci\u00f3n Gesti\u00f3n Centros M\u00e9dicos"},"content":{"rendered":"","protected":false},"excerpt":{"rendered":"","protected":false},"author":1,"featured_media":0,"parent":0,"menu_order":0,"comment_status":"closed","ping_status":"closed","template":"","meta":{"footnotes":""},"class_list":["post-12793","page","type-page","status-publish","hentry"],"_links":{"self":[{"href":"https:\/\/saludvitale.com\/doctor\/wp-json\/wp\/v2\/pages\/12793","targetHints":{"allow":["GET"]}}],"collection":[{"href":"https:\/\/saludvitale.com\/doctor\/wp-json\/wp\/v2\/pages"}],"about":[{"href":"https:\/\/saludvitale.com\/doctor\/wp-json\/wp\/v2\/types\/page"}],"author":[{"embeddable":true,"href":"https:\/\/saludvitale.com\/doctor\/wp-json\/wp\/v2\/users\/1"}],"replies":[{"embeddable":true,"href":"https:\/\/saludvitale.com\/doctor\/wp-json\/wp\/v2\/comments?post=12793"}],"version-history":[{"count":1,"href":"https:\/\/saludvitale.com\/doctor\/wp-json\/wp\/v2\/pages\/12793\/revisions"}],"predecessor-version":[{"id":12795,"href":"https:\/\/saludvitale.com\/doctor\/wp-json\/wp\/v2\/pages\/12793\/revisions\/12795"}],"wp:attachment":[{"href":"https:\/\/saludvitale.com\/doctor\/wp-json\/wp\/v2\/media?parent=12793"}],"curies":[{"name":"wp","href":"https:\/\/api.w.org\/{rel}","templated":true}]}}